{"id":75,"date":"2009-11-05T20:00:02","date_gmt":"2009-11-05T19:00:02","guid":{"rendered":"http:\/\/www.aksiegfried.de\/6zvgwp\/?page_id=75"},"modified":"2024-08-06T20:21:22","modified_gmt":"2024-08-06T18:21:22","slug":"dienstleistung","status":"publish","type":"page","link":"https:\/\/www.zustellungsvertretung.de\/?page_id=75","title":{"rendered":"Dienstleistung"},"content":{"rendered":"<h2 style=\"padding-top: 0pt;\"><img loading=\"lazy\" decoding=\"async\" width=\"370\" height=\"324\" class=\"alignleft size-full wp-image-39\" style=\"width: 130px; height: 115px;\" title=\"simple deal\" src=\"https:\/\/www.zustellungsvertretung.de\/wp-content\/uploads\/Fotolia_1942100_XS1.jpg\" alt=\"simple deal\" srcset=\"https:\/\/www.zustellungsvertretung.de\/wp-content\/uploads\/Fotolia_1942100_XS1.jpg 370w, https:\/\/www.zustellungsvertretung.de\/wp-content\/uploads\/Fotolia_1942100_XS1-300x262.jpg 300w\" sizes=\"auto, (max-width: 370px) 100vw, 370px\" \/>Mein Angebot:<\/h2>\n<p style=\"text-align: justify; padding-top: 0pt;\"><span class=\"Apple-style-span\" style=\"font-family: verdana;\">Im Rahmen von Zwangsversteigerungs- oder\u00a0 verwaltungsverfahren \u00fcbernehme ich seit 2004:<\/span><\/p>\n<ul>\n<li style=\"list-style-type: none;\">\n<ul>\n<li style=\"list-style-type: none;\">\n<ul>\n<li><span class=\"Apple-style-span\" style=\"font-family: verdana;\">Zustellungsvertretungen gem\u00e4\u00df <\/span><span class=\"Apple-style-span\" style=\"font-family: verdana;\"><a href=\"https:\/\/dejure.org\/gesetze\/ZVG\/6.html\" title=\"&sect; 6 ZVG\">\u00a7 6 ZVG<\/a><\/span><span class=\"Apple-style-span\" style=\"font-family: verdana;\"><br \/>\n<\/span><\/li>\n<\/ul>\n<\/li>\n<\/ul>\n<\/li>\n<\/ul>\n<ul>\n<li style=\"list-style-type: none;\">\n<ul>\n<li><span class=\"Apple-style-span\" style=\"font-family: verdana;\">einstweilige besondere Vertretungen f\u00fcr die unbekannten Erben\u00a0 (<\/span><span class=\"Apple-style-span\" style=\"font-family: verdana;\"><a href=\"https:\/\/dejure.org\/gesetze\/ZPO\/779.html\" title=\"&sect; 779 ZPO: Fortsetzung der Zwangsvollstreckung nach dem Tod des Schuldners\">\u00a7 779 Absatz 2 ZPO<\/a><\/span><span class=\"Apple-style-span\" style=\"font-family: verdana;\">)<\/span><\/li>\n<\/ul>\n<\/li>\n<li><span class=\"Apple-style-span\" style=\"font-family: verdana;\">Vertretungen f\u00fcr unbekannte Beteiligte im Rahmen der Erl\u00f6sverteilung in der Zwangsversteigerung (<\/span><span class=\"Apple-style-span\" style=\"font-family: verdana;\"><a href=\"https:\/\/dejure.org\/gesetze\/ZVG\/135.html\" title=\"&sect; 135 ZVG\">\u00a7 135 ZVG<\/a><\/span><span class=\"Apple-style-span\" style=\"font-family: verdana;\">) oder der Verteilung in einem Zwangsverwaltungsverfahren (<\/span><span class=\"Apple-style-span\" style=\"font-family: verdana;\"><a href=\"https:\/\/dejure.org\/gesetze\/ZVG\/157.html\" title=\"&sect; 157 ZVG\">\u00a7 157 II ZVG<\/a><\/span><span class=\"Apple-style-span\" style=\"font-family: verdana;\">)<\/span><\/li>\n<li><span class=\"Apple-style-span\" style=\"font-family: verdana;\">Vertretungen f\u00fcr das herrenlose Grundst\u00fcck gem\u00e4\u00df <\/span><span class=\"Apple-style-span\" style=\"font-family: verdana;\"><a href=\"https:\/\/dejure.org\/gesetze\/ZPO\/787.html\" title=\"&sect; 787 ZPO: Zwangsvollstreckung bei herrenlosem Grundst&uuml;ck oder Schiff\">\u00a7 787 Absatz 1 ZPO<\/a><\/span><span class=\"Apple-style-span\" style=\"font-family: verdana;\"> und<\/span><\/li>\n<li><span class=\"Apple-style-span\" style=\"font-family: verdana;\">vom Betreuungsgericht eingerichtete Abwesenheitspflegschaften (<\/span><span class=\"Apple-style-span\" style=\"font-family: verdana;\"><a href=\"https:\/\/dejure.org\/gesetze\/BGB\/1911.html\">\u00a7 1911 BGB<\/a><\/span><span class=\"Apple-style-span\" style=\"font-family: verdana;\">)<\/span><\/li>\n<\/ul>\n<p><span class=\"Apple-style-span\" style=\"font-family: verdana;\">Zustellungen sind per Empfangsbekenntnis (auch per eEB),\u00a0 <a href=\"https:\/\/dejure.org\/gesetze\/ZPO\/175.html\" title=\"&sect; 175 ZPO: Zustellung von Schriftst&uuml;cken gegen Empfangsbekenntnis\">\u00a7 175 ZPO<\/a>, m\u00f6glich. Eine unverz\u00fcgliche R\u00fccksendung ist selbstverst\u00e4ndlich.<\/span><\/p>\n<p><span class=\"Apple-style-span\" style=\"font-family: verdana;\">Welche Ermittlungen notwendig und zielf\u00fchrend sind, h\u00e4ngt von den Umst\u00e4nden des Einzelfalles ab. Denkbar sind zum Beispiel Melderegisteranfragen, Handelsregisterabfragen, Postanschriftenpr\u00fcfungen oder Anfragen bei anderen Verfahrenbeteiligten oder Auslandsvertretungen. Auch die Internetrecherche und das Suchen in sozialen Netzwerken haben schon mehrfach zum Erfolg gef\u00fchrt.<\/span><\/p>\n<p><span class=\"Apple-style-span\" style=\"font-family: verdana;\">Selbstverst\u00e4ndlich liegt eine Nebent\u00e4tigkeitsgenehmigung vor.<\/span><\/p>\n<p><span class=\"Apple-style-span\" style=\"font-family: verdana,Verdana,sans-serif;\">\u00a0<\/span><\/p>\n<h2><img loading=\"lazy\" decoding=\"async\" width=\"346\" height=\"346\" class=\"alignleft size-full wp-image-62\" style=\"width: 130px; height: 130px;\" title=\"3d human with a red exclamation mark\" src=\"https:\/\/www.zustellungsvertretung.de\/wp-content\/uploads\/Fotolia_10056608_XS.jpg\" alt=\"3d human with a red exclamation mark\" srcset=\"https:\/\/www.zustellungsvertretung.de\/wp-content\/uploads\/Fotolia_10056608_XS.jpg 346w, https:\/\/www.zustellungsvertretung.de\/wp-content\/uploads\/Fotolia_10056608_XS-150x150.jpg 150w, https:\/\/www.zustellungsvertretung.de\/wp-content\/uploads\/Fotolia_10056608_XS-300x300.jpg 300w\" sizes=\"auto, (max-width: 346px) 100vw, 346px\" \/>Welche Kosten fallen an?<\/h2>\n<p><span class=\"Apple-style-span\" style=\"font-family: verdana;\">Ich \u00fcbernehme Zustellungsvertretungen auch aus Interesse, aber nicht kostenlos. Ich erwarte also die Sicherstellung einer Verg\u00fctung. Sei es durch eine Kosten\u00fcbernahme durch den betreibenden Gl\u00e4ubiger, sei es durch Ber\u00fccksichtigung bei der Erl\u00f6sverteilung oder durch Behandlung als Verfahrenskosten. Die Verg\u00fctung betr\u00e4gt<\/span><span class=\"Apple-style-span\" style=\"font-family: verdana;\"> meist ab ca. 125,00 \u20ac je Vertretenen und Verfahren zzgl. Auslagen. Ggf. k\u00f6nnen Gl\u00e4ubiger die Kosten als Kosten der dinglichen Rechtsverfolgung nach <a href=\"https:\/\/dejure.org\/gesetze\/ZVG\/10.html\" title=\"&sect; 10 ZVG\">\u00a7 10 Absatz 2 ZVG<\/a> zum Verfahren angemeldet werden.<\/span><\/p>\n<p><span class=\"Apple-style-span\" style=\"font-family: verdana;\">Die Verg\u00fctungen f\u00fcr &#8222;echte&#8220; Vertretungen wie zB die Vertretung unbekannter Erben gem. <a href=\"https:\/\/dejure.org\/gesetze\/ZPO\/779.html\" title=\"&sect; 779 ZPO: Fortsetzung der Zwangsvollstreckung nach dem Tod des Schuldners\">\u00a7 779 ZPO<\/a> sind h\u00f6her und richten sich nach den Umst\u00e4nden des Einzelfalls.\u00a0<\/span><\/p>\n<p><span class=\"Apple-style-span\" style=\"font-family: verdana,Verdana,sans-serif;\">\u00a0<\/span><\/p>\n<h2><img loading=\"lazy\" decoding=\"async\" width=\"346\" height=\"346\" class=\"alignleft size-full wp-image-61\" style=\"width: 130px; height: 130px;\" title=\"3d human with checkered flag at motion\" src=\"https:\/\/www.zustellungsvertretung.de\/wp-content\/uploads\/Fotolia_10056586_XS.jpg\" alt=\"3d human with checkered flag at motion\" srcset=\"https:\/\/www.zustellungsvertretung.de\/wp-content\/uploads\/Fotolia_10056586_XS.jpg 346w, https:\/\/www.zustellungsvertretung.de\/wp-content\/uploads\/Fotolia_10056586_XS-150x150.jpg 150w, https:\/\/www.zustellungsvertretung.de\/wp-content\/uploads\/Fotolia_10056586_XS-300x300.jpg 300w\" sizes=\"auto, (max-width: 346px) 100vw, 346px\" \/>Habe ich Sie \u00fcberzeugt?<\/h2>\n<p><span class=\"Apple-style-span\" style=\"font-family: verdana;\">Wenn Sie als Gericht Interesse haben sollten, mich zu bestellen, freue ich mich eigentlich \u00fcber Ihre Nachricht. <span style=\"text-decoration: underline;\">Aber: <\/span><\/span><span style=\"text-decoration: underline;\"><span class=\"Apple-style-span\" style=\"font-family: verdana;\">Auftr\u00e4ge von Gerichten, f\u00fcr die ich bislang nicht t\u00e4tig bin, k\u00f6nnen derzeit nicht angenommen werden.<\/span><\/span><\/p>\n","protected":false},"excerpt":{"rendered":"<p>Mein Angebot: Im Rahmen von Zwangsversteigerungs- oder\u00a0 verwaltungsverfahren \u00fcbernehme ich seit 2004: Zustellungsvertretungen gem\u00e4\u00df \u00a7 6 ZVG einstweilige besondere Vertretungen<\/p>\n","protected":false},"author":1,"featured_media":0,"parent":0,"menu_order":6,"comment_status":"closed","ping_status":"open","template":"","meta":{"_crdt_document":"","cybocfi_hide_featured_image":"","footnotes":""},"class_list":["post-75","page","type-page","status-publish","hentry"],"_links":{"self":[{"href":"https:\/\/www.zustellungsvertretung.de\/index.php?rest_route=\/wp\/v2\/pages\/75","targetHints":{"allow":["GET"]}}],"collection":[{"href":"https:\/\/www.zustellungsvertretung.de\/index.php?rest_route=\/wp\/v2\/pages"}],"about":[{"href":"https:\/\/www.zustellungsvertretung.de\/index.php?rest_route=\/wp\/v2\/types\/page"}],"author":[{"embeddable":true,"href":"https:\/\/www.zustellungsvertretung.de\/index.php?rest_route=\/wp\/v2\/users\/1"}],"replies":[{"embeddable":true,"href":"https:\/\/www.zustellungsvertretung.de\/index.php?rest_route=%2Fwp%2Fv2%2Fcomments&post=75"}],"version-history":[{"count":13,"href":"https:\/\/www.zustellungsvertretung.de\/index.php?rest_route=\/wp\/v2\/pages\/75\/revisions"}],"predecessor-version":[{"id":4591,"href":"https:\/\/www.zustellungsvertretung.de\/index.php?rest_route=\/wp\/v2\/pages\/75\/revisions\/4591"}],"wp:attachment":[{"href":"https:\/\/www.zustellungsvertretung.de\/index.php?rest_route=%2Fwp%2Fv2%2Fmedia&parent=75"}],"curies":[{"name":"wp","href":"https:\/\/api.w.org\/{rel}","templated":true}]}}