{"id":6,"date":"2009-11-01T19:38:26","date_gmt":"2009-11-01T18:38:26","guid":{"rendered":"http:\/\/www.aksiegfried.de\/6zvgwp\/?page_id=6"},"modified":"2025-09-10T06:10:59","modified_gmt":"2025-09-10T04:10:59","slug":"kontakt","status":"publish","type":"page","link":"https:\/\/www.zustellungsvertretung.de\/?page_id=6","title":{"rendered":"Kontakt"},"content":{"rendered":"<p><img decoding=\"async\" src=\"https:\/\/www.zustellungsvertretung.de\/wp-content\/uploads\/zuvgalerie3.jpg\" alt=\"\" align=\"none\" \/><\/p>\n<h2>Kontakt\/Impressum<\/h2>\n<h3 style=\"font-family: georgia;\"><span class=\"Apple-style-span\"><img loading=\"lazy\" decoding=\"async\" class=\"alignleft size-full wp-image-48\" style=\"width: 132px; height: 88px;\" src=\"https:\/\/www.zustellungsvertretung.de\/wp-content\/uploads\/Fotolia_4599030_XS.jpg\" alt=\"\" width=\"130\" height=\"86\" srcset=\"https:\/\/www.zustellungsvertretung.de\/wp-content\/uploads\/Fotolia_4599030_XS.jpg 424w, https:\/\/www.zustellungsvertretung.de\/wp-content\/uploads\/Fotolia_4599030_XS-300x200.jpg 300w\" sizes=\"auto, (max-width: 130px) 100vw, 130px\" \/>Verantwortlich f\u00fcr diese Internetpr\u00e4senz:<\/span><\/h3>\n<p><span class=\"Apple-style-span\" style=\"font-family: verdana;\">Kai Siegfried, Dipl.-Rechtspfleger (FH)<\/span><\/p>\n<p><span class=\"Apple-style-span\" style=\"font-family: verdana;\">Grabenkamp 96, D-21357 Bardowick<\/span><\/p>\n<p><span class=\"Apple-style-span\" style=\"font-family: verdana;\">Kontakt: <\/span><a title=\"mailto:info@zustellungsvertretung.de\" href=\"mailto:info@zustellungsvertretung.de\"><span class=\"Apple-style-span\" style=\"font-family: verdana;\">info@zustellungsvertretung.de<\/span><\/a><\/p>\n<p><span class=\"Apple-style-span\" style=\"font-family: verdana;\">Tel: +49(0)4131\/9272672<\/span><\/p>\n<p><span class=\"Apple-style-span\" style=\"font-family: verdana;\">Fax: +49(0)4131\/9272679 <\/span><\/p>\n<p><span class=\"Apple-style-span\" style=\"font-family: verdana;\">SafeID des elektronischen B\u00fcrger- und Organisationenpostfachs (eBO):<\/span><\/p>\n<p><span class=\"Apple-style-span\" style=\"font-family: verdana;\">DE.Justiz.209e7521-2d09-4302-99f1-8e7d1b5b1f95.e707<\/span><\/p>\n<h6><span style=\"text-decoration: underline;\"><span class=\"Apple-style-span\" style=\"font-family: verdana;\">Auftr\u00e4ge von Gerichten, f\u00fcr die ich bislang nicht t\u00e4tig bin, k\u00f6nnen derzeit nicht angenommen werden.<\/span><\/span><\/h6>\n<p><span class=\"Apple-style-span\" style=\"font-family: verdana;\">Anfragen, mit denen Rechtsberatung erbeten wird, werden nicht beantwortet. Bitte wenden Sie sich ggf. an ein Mitglied der rechtsberatenden Berufe.<\/span><\/p>\n<p><span class=\"Apple-style-span\" style=\"font-family: verdana;\"><a href=\"https:\/\/www.zustellungsvertretung.de\/?page_id=3814\" target=\"_blank\" rel=\"noopener\">Hier<\/a> finden Sie die Datenschutzerkl\u00e4rung von zustellungsvertretung.de.<br \/>\n<\/span><\/p>\n<p><span class=\"Apple-style-span\" style=\"font-family: verdana,Verdana,sans-serif;\">\u00a0<\/span><\/p>\n<h2><img loading=\"lazy\" decoding=\"async\" class=\"alignleft size-full wp-image-60\" title=\"3d supervisor manager in chair\" src=\"https:\/\/www.zustellungsvertretung.de\/wp-content\/uploads\/Fotolia_10056569_XS.jpg\" alt=\"3d supervisor manager in chair\" width=\"130\" height=\"130\" srcset=\"https:\/\/www.zustellungsvertretung.de\/wp-content\/uploads\/Fotolia_10056569_XS.jpg 346w, https:\/\/www.zustellungsvertretung.de\/wp-content\/uploads\/Fotolia_10056569_XS-150x150.jpg 150w, https:\/\/www.zustellungsvertretung.de\/wp-content\/uploads\/Fotolia_10056569_XS-300x300.jpg 300w\" sizes=\"auto, (max-width: 130px) 100vw, 130px\" \/>\u00dcber mich<\/h2>\n<div>\n<p style=\"padding-top: 0pt;\"><span class=\"Apple-style-span\" style=\"font-family: verdana;\">Ich bin seit 1997 Rechtspfleger und bearbeite seit Jahren ZVG-Sachen an Hamburger Amtsgerichten. Seit 2004 \u00fcbernehme ich nebenberuflich Zustellungsvertretungen und sonstige ZVG-Vertretungen f\u00fcr Gerichte in mehreren Bundesl\u00e4ndern.<\/span><\/p>\n<h2><img loading=\"lazy\" decoding=\"async\" width=\"400\" height=\"300\" class=\"alignleft size-full wp-image-53\" style=\"text-align: center; width: 130px; height: 98px;\" title=\"many 3d humans with empty chat bubbles\" src=\"https:\/\/www.zustellungsvertretung.de\/wp-content\/uploads\/Fotolia_9747336_XS.jpg\" alt=\"many 3d humans with empty chat bubbles\" srcset=\"https:\/\/www.zustellungsvertretung.de\/wp-content\/uploads\/Fotolia_9747336_XS.jpg 400w, https:\/\/www.zustellungsvertretung.de\/wp-content\/uploads\/Fotolia_9747336_XS-300x225.jpg 300w\" sizes=\"auto, (max-width: 400px) 100vw, 400px\" \/>Rechtspflegerforum<\/h2>\n<p style=\"padding-top: 0pt;\"><span class=\"Apple-style-span\" style=\"font-family: verdana;\">Ich bin dar\u00fcber hinaus Betreiber des Fachforums <a href=\"http:\/\/www.rechtspflegerforum.de\" target=\"_blank\" rel=\"noopener\">rechtspflegerforum.de<\/a>, in dem im ZVG-Unterforum Fragen rund um Zustellungsvertretungen behandelt werden k\u00f6nnen.<\/span><\/p>\n<\/div>\n","protected":false},"excerpt":{"rendered":"<p>Kontakt\/Impressum Verantwortlich f\u00fcr diese Internetpr\u00e4senz: Kai Siegfried, Dipl.-Rechtspfleger (FH) Grabenkamp 96, D-21357 Bardowick Kontakt: info@zustellungsvertretung.de Tel: +49(0)4131\/9272672 Fax: +49(0)4131\/9272679 SafeID<\/p>\n","protected":false},"author":1,"featured_media":0,"parent":0,"menu_order":200,"comment_status":"closed","ping_status":"open","template":"","meta":{"_crdt_document":"","cybocfi_hide_featured_image":"","footnotes":""},"class_list":["post-6","page","type-page","status-publish","hentry"],"_links":{"self":[{"href":"https:\/\/www.zustellungsvertretung.de\/index.php?rest_route=\/wp\/v2\/pages\/6","targetHints":{"allow":["GET"]}}],"collection":[{"href":"https:\/\/www.zustellungsvertretung.de\/index.php?rest_route=\/wp\/v2\/pages"}],"about":[{"href":"https:\/\/www.zustellungsvertretung.de\/index.php?rest_route=\/wp\/v2\/types\/page"}],"author":[{"embeddable":true,"href":"https:\/\/www.zustellungsvertretung.de\/index.php?rest_route=\/wp\/v2\/users\/1"}],"replies":[{"embeddable":true,"href":"https:\/\/www.zustellungsvertretung.de\/index.php?rest_route=%2Fwp%2Fv2%2Fcomments&post=6"}],"version-history":[{"count":19,"href":"https:\/\/www.zustellungsvertretung.de\/index.php?rest_route=\/wp\/v2\/pages\/6\/revisions"}],"predecessor-version":[{"id":4761,"href":"https:\/\/www.zustellungsvertretung.de\/index.php?rest_route=\/wp\/v2\/pages\/6\/revisions\/4761"}],"wp:attachment":[{"href":"https:\/\/www.zustellungsvertretung.de\/index.php?rest_route=%2Fwp%2Fv2%2Fmedia&parent=6"}],"curies":[{"name":"wp","href":"https:\/\/api.w.org\/{rel}","templated":true}]}}