{"id":122,"date":"2009-11-06T19:15:57","date_gmt":"2009-11-06T18:15:57","guid":{"rendered":"http:\/\/www.aksiegfried.de\/6zvgwp\/?page_id=122"},"modified":"2017-07-31T14:08:18","modified_gmt":"2017-07-31T12:08:18","slug":"nutzliches","status":"publish","type":"page","link":"https:\/\/www.zustellungsvertretung.de\/?page_id=122","title":{"rendered":"N\u00fctzliches"},"content":{"rendered":"<h2><img loading=\"lazy\" decoding=\"async\" class=\"alignleft size-full wp-image-49\" style=\"width: 174px; height: 118px;\" title=\"learn more\" src=\"https:\/\/www.zustellungsvertretung.de\/wp-content\/uploads\/Fotolia_4811870_XS.jpg\" alt=\"learn more\" width=\"172\" height=\"116\" srcset=\"https:\/\/www.zustellungsvertretung.de\/wp-content\/uploads\/Fotolia_4811870_XS.jpg 424w, https:\/\/www.zustellungsvertretung.de\/wp-content\/uploads\/Fotolia_4811870_XS-300x200.jpg 300w\" sizes=\"auto, (max-width: 172px) 100vw, 172px\" \/>Literatur<\/h2>\n<p><span style=\"font-family: verdana,geneva;\">Spezielle Literatur zum Zustellungsvertreter gibt es m.W. nicht. Allerdings kann man in den ZVG-Kommentaren zu den <a href=\"https:\/\/dejure.org\/gesetze\/ZVG\/6.html\" title=\"&sect; 6 ZVG\">\u00a7\u00a7 6-9 ZVG<\/a> einiges finden. Es sei hier St\u00f6ber, Kommentar zum ZVG, 21. Auflage, erw\u00e4hnt, der auch bei der Erstellung dieser Seite gute Dienste geleistet hat. Daneben k\u00f6nnen von Fachbenutzern Fragen auch im ZVG-Bereich des Rechtspflegerforums diskutiert werden.<br \/>\n<\/span><\/p>\n<p><span style=\"font-family: verdana,geneva;\">Weitere Hinweise zu Literatur gebe ich in der Artikelrubrik &#8222;<a title=\"\" href=\"https:\/\/www.zustellungsvertretung.de\/?cat=78\" target=\"\">Literatur<\/a>&#8222;.<br \/>\n<\/span><\/p>\n<p><span style=\"font-family: verdana,geneva;\">\u00a0<\/span><\/p>\n<h2><img loading=\"lazy\" decoding=\"async\" class=\"alignleft size-full wp-image-42\" style=\"width: 178px; height: 173px;\" title=\"Links\" src=\"https:\/\/www.zustellungsvertretung.de\/wp-content\/uploads\/Fotolia_4598958_XS.jpg\" alt=\"Links\" width=\"176\" height=\"176\" srcset=\"https:\/\/www.zustellungsvertretung.de\/wp-content\/uploads\/Fotolia_4598958_XS.jpg 346w, https:\/\/www.zustellungsvertretung.de\/wp-content\/uploads\/Fotolia_4598958_XS-150x150.jpg 150w, https:\/\/www.zustellungsvertretung.de\/wp-content\/uploads\/Fotolia_4598958_XS-300x300.jpg 300w\" sizes=\"auto, (max-width: 176px) 100vw, 176px\" \/>Links<\/h2>\n<p><span style=\"font-family: verdana,geneva;\"><a title=\"http:\/\/www.rechtspflegerforum.de\" href=\"http:\/\/www.rechtspflegerforum.de\/\">rechtspflegerforum.de<\/a>, dort das Unterforum <a title=\"http:\/\/www.rechtspflegerforum.de\/forumdisplay.php?f=4\" href=\"http:\/\/www.rechtspflegerforum.de\/forumdisplay.php?f=4\">Zwangsversteigerung<\/a> (Fachforum von, f\u00fcr und \u00fcber Rechtspfleger; nur f\u00fcr Fachbenutzer)<br \/>\n<\/span><\/p>\n<p><span style=\"font-family: verdana,geneva;\"><a title=\"http:\/\/dejure.org\" href=\"http:\/\/dejure.org\/\">dejure.org<\/a> Komfortabel Gesetze aufrufen<\/span><\/p>\n","protected":false},"excerpt":{"rendered":"<p>Literatur Spezielle Literatur zum Zustellungsvertreter gibt es m.W. nicht. Allerdings kann man in den ZVG-Kommentaren zu den \u00a7\u00a7 6-9 ZVG<\/p>\n","protected":false},"author":1,"featured_media":0,"parent":0,"menu_order":100,"comment_status":"closed","ping_status":"open","template":"","meta":{"_crdt_document":"","cybocfi_hide_featured_image":"","footnotes":""},"class_list":["post-122","page","type-page","status-publish","hentry"],"_links":{"self":[{"href":"https:\/\/www.zustellungsvertretung.de\/index.php?rest_route=\/wp\/v2\/pages\/122","targetHints":{"allow":["GET"]}}],"collection":[{"href":"https:\/\/www.zustellungsvertretung.de\/index.php?rest_route=\/wp\/v2\/pages"}],"about":[{"href":"https:\/\/www.zustellungsvertretung.de\/index.php?rest_route=\/wp\/v2\/types\/page"}],"author":[{"embeddable":true,"href":"https:\/\/www.zustellungsvertretung.de\/index.php?rest_route=\/wp\/v2\/users\/1"}],"replies":[{"embeddable":true,"href":"https:\/\/www.zustellungsvertretung.de\/index.php?rest_route=%2Fwp%2Fv2%2Fcomments&post=122"}],"version-history":[{"count":3,"href":"https:\/\/www.zustellungsvertretung.de\/index.php?rest_route=\/wp\/v2\/pages\/122\/revisions"}],"predecessor-version":[{"id":3649,"href":"https:\/\/www.zustellungsvertretung.de\/index.php?rest_route=\/wp\/v2\/pages\/122\/revisions\/3649"}],"wp:attachment":[{"href":"https:\/\/www.zustellungsvertretung.de\/index.php?rest_route=%2Fwp%2Fv2%2Fmedia&parent=122"}],"curies":[{"name":"wp","href":"https:\/\/api.w.org\/{rel}","templated":true}]}}